{"id":2471,"date":"2023-03-21T10:04:11","date_gmt":"2023-03-21T10:04:11","guid":{"rendered":"https:\/\/www.immigrantcis.com\/es\/?page_id=2471"},"modified":"2023-04-23T12:11:04","modified_gmt":"2023-04-23T12:11:04","slug":"boletin-suscripcion","status":"publish","type":"page","link":"https:\/\/www.immigrantcis.com\/es\/boletin-suscripcion\/","title":{"rendered":"\u00a1Reg\u00edstrese para comenzar su proceso hoy!"},"content":{"rendered":"\t\t<div data-elementor-type=\"wp-page\" data-elementor-id=\"2471\" class=\"elementor elementor-2471\" data-elementor-post-type=\"page\">\n\t\t\t\t\t\t<section class=\"elementor-section elementor-top-section elementor-element elementor-element-4d5ee38e elementor-section-height-full elementor-section-boxed elementor-section-height-default elementor-section-items-middle\" data-id=\"4d5ee38e\" data-element_type=\"section\" data-settings=\"{&quot;background_background&quot;:&quot;classic&quot;}\">\n\t\t\t\t\t\t\t<div class=\"elementor-background-overlay\"><\/div>\n\t\t\t\t\t\t\t<div class=\"elementor-container elementor-column-gap-default\">\n\t\t\t\t\t<div class=\"elementor-column elementor-col-100 elementor-top-column elementor-element elementor-element-35fa41fd\" data-id=\"35fa41fd\" data-element_type=\"column\" data-settings=\"{&quot;background_background&quot;:&quot;classic&quot;}\">\n\t\t\t<div class=\"elementor-widget-wrap elementor-element-populated\">\n\t\t\t\t\t\t<div class=\"elementor-element elementor-element-5ca8d51 elementor-widget__width-auto elementor-widget elementor-widget-image\" data-id=\"5ca8d51\" data-element_type=\"widget\" data-widget_type=\"image.default\">\n\t\t\t\t<div class=\"elementor-widget-container\">\n\t\t\t\t\t\t\t\t\t\t\t\t\t\t\t<img decoding=\"async\" width=\"465\" height=\"71\" src=\"https:\/\/www.immigrantcis.com\/app\/uploads\/sites\/2\/2022\/09\/cropped-Immigrant-CIS-e1619347652596.png\" class=\"attachment-full size-full wp-image-2059\" alt=\"\" srcset=\"https:\/\/www.immigrantcis.com\/app\/uploads\/sites\/2\/2022\/09\/cropped-Immigrant-CIS-e1619347652596.png 465w, https:\/\/www.immigrantcis.com\/app\/uploads\/sites\/2\/2022\/09\/cropped-Immigrant-CIS-e1619347652596-300x46.png 300w\" sizes=\"(max-width: 465px) 100vw, 465px\" \/>\t\t\t\t\t\t\t\t\t\t\t\t\t\t\t<\/div>\n\t\t\t\t<\/div>\n\t\t\t\t<div class=\"elementor-element elementor-element-1d538f6c elementor-widget elementor-widget-heading\" data-id=\"1d538f6c\" data-element_type=\"widget\" data-widget_type=\"heading.default\">\n\t\t\t\t<div class=\"elementor-widget-container\">\n\t\t\t\t\t<h1 class=\"elementor-heading-title elementor-size-default\">\u00a1Gracias! ahora podemos enviarle consejos y actualizaciones personalizados. \u00a1Estar\u00e1n en ingl\u00e9s y la versi\u00f3n en espa\u00f1ol llegar\u00e1 pronto! <\/h1>\t\t\t\t<\/div>\n\t\t\t\t<\/div>\n\t\t\t\t<section class=\"elementor-section elementor-inner-section elementor-element elementor-element-23ba5a4c elementor-section-boxed elementor-section-height-default elementor-section-height-default elementor-invisible\" data-id=\"23ba5a4c\" data-element_type=\"section\" data-settings=\"{&quot;animation&quot;:&quot;fadeInUp&quot;}\">\n\t\t\t\t\t\t<div class=\"elementor-container elementor-column-gap-default\">\n\t\t\t\t\t<div class=\"elementor-column elementor-col-100 elementor-inner-column elementor-element elementor-element-72a929c0\" data-id=\"72a929c0\" data-element_type=\"column\" data-settings=\"{&quot;background_background&quot;:&quot;classic&quot;}\">\n\t\t\t<div class=\"elementor-widget-wrap elementor-element-populated\">\n\t\t\t\t\t\t<div class=\"elementor-element elementor-element-61ac3b39 elementor-invisible elementor-widget elementor-widget-heading\" data-id=\"61ac3b39\" data-element_type=\"widget\" data-settings=\"{&quot;_animation&quot;:&quot;fadeInDown&quot;,&quot;_animation_delay&quot;:&quot;300&quot;}\" data-widget_type=\"heading.default\">\n\t\t\t\t<div class=\"elementor-widget-container\">\n\t\t\t\t\t<h2 class=\"elementor-heading-title elementor-size-default\">\u00a1Suscr\u00edbete para recibir los mejores consejos de nuestros expertos!<\/h2>\t\t\t\t<\/div>\n\t\t\t\t<\/div>\n\t\t\t\t<div class=\"elementor-element elementor-element-04df063 fmi-wrap elementor-button-align-stretch elementor-widget elementor-widget-form\" data-id=\"04df063\" data-element_type=\"widget\" data-settings=\"{&quot;step_next_label&quot;:&quot;Next&quot;,&quot;step_previous_label&quot;:&quot;Previous&quot;,&quot;button_width&quot;:&quot;100&quot;,&quot;step_type&quot;:&quot;number_text&quot;,&quot;step_icon_shape&quot;:&quot;circle&quot;}\" data-widget_type=\"form.default\">\n\t\t\t\t<div class=\"elementor-widget-container\">\n\t\t\t\t\t\t\t<form class=\"elementor-form\" method=\"post\" id=\"fmi-form\" name=\"prioritize-form\" aria-label=\"prioritize-form\">\n\t\t\t<input type=\"hidden\" name=\"post_id\" value=\"2471\"\/>\n\t\t\t<input type=\"hidden\" name=\"form_id\" value=\"04df063\"\/>\n\t\t\t<input type=\"hidden\" name=\"referer_title\" value=\"ImmigrantCIS &#8211; Espa\u00f1ol\" \/>\n\n\t\t\t\n\t\t\t<div class=\"elementor-form-fields-wrapper elementor-labels-\">\n\t\t\t\t\t\t\t\t<div class=\"elementor-field-type-text elementor-field-group elementor-column elementor-field-group-firstname elementor-col-100 elementor-field-required\">\n\t\t\t\t\t\t\t\t\t\t\t\t<label for=\"form-field-firstname\" class=\"elementor-field-label elementor-screen-only\">\n\t\t\t\t\t\t\t\tfirstname\t\t\t\t\t\t\t<\/label>\n\t\t\t\t\t\t\t\t\t\t\t\t\t\t<input size=\"1\" type=\"text\" name=\"form_fields[firstname]\" id=\"form-field-firstname\" class=\"elementor-field elementor-size-sm  elementor-field-textual\" placeholder=\"Nombre \" required=\"required\">\n\t\t\t\t\t\t\t\t\t\t\t<\/div>\n\t\t\t\t\t\t\t\t<div class=\"elementor-field-type-email elementor-field-group elementor-column elementor-field-group-emailaddress1 elementor-col-100 elementor-field-required\">\n\t\t\t\t\t\t\t\t\t\t\t\t<label for=\"form-field-emailaddress1\" class=\"elementor-field-label elementor-screen-only\">\n\t\t\t\t\t\t\t\temailaddress1\t\t\t\t\t\t\t<\/label>\n\t\t\t\t\t\t\t\t\t\t\t\t\t\t<input size=\"1\" type=\"email\" name=\"form_fields[emailaddress1]\" id=\"form-field-emailaddress1\" class=\"elementor-field elementor-size-sm  elementor-field-textual\" placeholder=\"Correo electr\u00f3nico\" required=\"required\">\n\t\t\t\t\t\t\t\t\t\t\t<\/div>\n\t\t\t\t\t\t\t\t<div class=\"elementor-field-type-tel elementor-field-group elementor-column elementor-field-group-telephone1 elementor-col-100 elementor-field-required\">\n\t\t\t\t\t\t\t\t\t\t\t\t<label for=\"form-field-telephone1\" class=\"elementor-field-label elementor-screen-only\">\n\t\t\t\t\t\t\t\ttelephone1\t\t\t\t\t\t\t<\/label>\n\t\t\t\t\t\t\t\t<input size=\"1\" type=\"tel\" name=\"form_fields[telephone1]\" id=\"form-field-telephone1\" class=\"elementor-field elementor-size-sm  elementor-field-textual\" placeholder=\"Tel\u00e9fono\" required=\"required\" pattern=\"[0-9()#&amp;+*-=.]+\" title=\"Only numbers and phone characters (#, -, *, etc) are accepted.\">\n\n\t\t\t\t\t\t<\/div>\n\t\t\t\t\t\t\t\t<div class=\"elementor-field-type-hidden elementor-field-group elementor-column elementor-field-group-intCode elementor-col-100\">\n\t\t\t\t\t\t\t\t\t\t\t\t\t<input size=\"1\" type=\"hidden\" name=\"form_fields[intCode]\" id=\"form-field-intCode\" class=\"elementor-field elementor-size-sm  elementor-field-textual\">\n\t\t\t\t\t\t\t\t\t\t\t<\/div>\n\t\t\t\t\t\t\t\t<div class=\"elementor-field-type-hidden elementor-field-group elementor-column elementor-field-group-ipinfo elementor-col-100\">\n\t\t\t\t\t\t\t\t\t\t\t\t\t<input size=\"1\" type=\"hidden\" name=\"form_fields[ipinfo]\" id=\"form-field-ipinfo\" class=\"elementor-field elementor-size-sm  elementor-field-textual\">\n\t\t\t\t\t\t\t\t\t\t\t<\/div>\n\t\t\t\t\t\t\t\t<div class=\"elementor-field-type-hidden elementor-field-group elementor-column elementor-field-group-leadid elementor-col-100\">\n\t\t\t\t\t\t\t\t\t\t\t\t\t<input size=\"1\" type=\"hidden\" name=\"form_fields[leadid]\" id=\"form-field-leadid\" class=\"elementor-field elementor-size-sm  elementor-field-textual\">\n\t\t\t\t\t\t\t\t\t\t\t<\/div>\n\t\t\t\t\t\t\t\t<div class=\"elementor-field-type-hidden elementor-field-group elementor-column elementor-field-group-leadsourcecode elementor-col-100\">\n\t\t\t\t\t\t\t\t\t\t\t\t\t<input size=\"1\" type=\"hidden\" name=\"form_fields[leadsourcecode]\" id=\"form-field-leadsourcecode\" class=\"elementor-field elementor-size-sm  elementor-field-textual\" value=\"655\">\n\t\t\t\t\t\t\t\t\t\t\t<\/div>\n\t\t\t\t\t\t\t\t<div class=\"elementor-field-type-hidden elementor-field-group elementor-column elementor-field-group-funnelsourcecode elementor-col-100\">\n\t\t\t\t\t\t\t\t\t\t\t\t\t<input size=\"1\" type=\"hidden\" name=\"form_fields[funnelsourcecode]\" id=\"form-field-funnelsourcecode\" class=\"elementor-field elementor-size-sm  elementor-field-textual\">\n\t\t\t\t\t\t\t\t\t\t\t<\/div>\n\t\t\t\t\t\t\t\t<div class=\"elementor-field-type-hidden elementor-field-group elementor-column elementor-field-group-billingcountry elementor-col-100\">\n\t\t\t\t\t\t\t\t\t\t\t\t\t<input size=\"1\" type=\"hidden\" name=\"form_fields[billingcountry]\" id=\"form-field-billingcountry\" class=\"elementor-field elementor-size-sm  elementor-field-textual\">\n\t\t\t\t\t\t\t\t\t\t\t<\/div>\n\t\t\t\t\t\t\t\t<div class=\"elementor-field-type-hidden elementor-field-group elementor-column elementor-field-group-utm elementor-col-100\">\n\t\t\t\t\t\t\t\t\t\t\t\t\t<input size=\"1\" type=\"hidden\" name=\"form_fields[utm]\" id=\"form-field-utm\" class=\"elementor-field elementor-size-sm  elementor-field-textual\">\n\t\t\t\t\t\t\t\t\t\t\t<\/div>\n\t\t\t\t\t\t\t\t<div class=\"elementor-field-type-hidden elementor-field-group elementor-column elementor-field-group-gclid elementor-col-100\">\n\t\t\t\t\t\t\t\t\t\t\t\t\t<input size=\"1\" type=\"hidden\" name=\"form_fields[gclid]\" id=\"form-field-gclid\" class=\"elementor-field elementor-size-sm  elementor-field-textual\">\n\t\t\t\t\t\t\t\t\t\t\t<\/div>\n\t\t\t\t\t\t\t\t<div class=\"elementor-field-type-hidden elementor-field-group elementor-column elementor-field-group-fb elementor-col-100\">\n\t\t\t\t\t\t\t\t\t\t\t\t\t<input size=\"1\" type=\"hidden\" name=\"form_fields[fb]\" id=\"form-field-fb\" class=\"elementor-field elementor-size-sm  elementor-field-textual\">\n\t\t\t\t\t\t\t\t\t\t\t<\/div>\n\t\t\t\t\t\t\t\t<div class=\"elementor-field-type-hidden elementor-field-group elementor-column elementor-field-group-refid elementor-col-100\">\n\t\t\t\t\t\t\t\t\t\t\t\t\t<input size=\"1\" type=\"hidden\" name=\"form_fields[refid]\" id=\"form-field-refid\" class=\"elementor-field elementor-size-sm  elementor-field-textual\">\n\t\t\t\t\t\t\t\t\t\t\t<\/div>\n\t\t\t\t\t\t\t\t<div class=\"elementor-field-type-hidden elementor-field-group elementor-column elementor-field-group-utmtime elementor-col-100\">\n\t\t\t\t\t\t\t\t\t\t\t\t\t<input size=\"1\" type=\"hidden\" name=\"form_fields[utmtime]\" id=\"form-field-utmtime\" class=\"elementor-field elementor-size-sm  elementor-field-textual\">\n\t\t\t\t\t\t\t\t\t\t\t<\/div>\n\t\t\t\t\t\t\t\t<div class=\"elementor-field-type-hidden elementor-field-group elementor-column elementor-field-group-refer elementor-col-100\">\n\t\t\t\t\t\t\t\t\t\t\t\t\t<input size=\"1\" type=\"hidden\" name=\"form_fields[refer]\" id=\"form-field-refer\" class=\"elementor-field elementor-size-sm  elementor-field-textual\">\n\t\t\t\t\t\t\t\t\t\t\t<\/div>\n\t\t\t\t\t\t\t\t<div class=\"elementor-field-type-hidden elementor-field-group elementor-column elementor-field-group-fullref elementor-col-100\">\n\t\t\t\t\t\t\t\t\t\t\t\t\t<input size=\"1\" type=\"hidden\" name=\"form_fields[fullref]\" id=\"form-field-fullref\" class=\"elementor-field elementor-size-sm  elementor-field-textual\">\n\t\t\t\t\t\t\t\t\t\t\t<\/div>\n\t\t\t\t\t\t\t\t<div class=\"elementor-field-type-hidden elementor-field-group elementor-column elementor-field-group-country elementor-col-100\">\n\t\t\t\t\t\t\t\t\t\t\t\t\t<input size=\"1\" type=\"hidden\" name=\"form_fields[country]\" id=\"form-field-country\" class=\"elementor-field elementor-size-sm  elementor-field-textual\">\n\t\t\t\t\t\t\t\t\t\t\t<\/div>\n\t\t\t\t\t\t\t\t<div class=\"elementor-field-type-textarea elementor-field-group elementor-column elementor-field-group-fix_message elementor-col-100\">\n\t\t\t\t\t\t\t\t\t\t\t\t<label for=\"form-field-fix_message\" class=\"elementor-field-label elementor-screen-only\">\n\t\t\t\t\t\t\t\tfix_message\t\t\t\t\t\t\t<\/label>\n\t\t\t\t\t\t<textarea class=\"elementor-field-textual elementor-field  elementor-size-sm\" name=\"form_fields[fix_message]\" id=\"form-field-fix_message\" rows=\"4\" placeholder=\"fix_message\"><\/textarea>\t\t\t\t<\/div>\n\t\t\t\t\t\t\t\t<div class=\"elementor-field-type-hidden elementor-field-group elementor-column elementor-field-group-ga elementor-col-100\">\n\t\t\t\t\t\t\t\t\t\t\t\t\t<input size=\"1\" type=\"hidden\" name=\"form_fields[ga]\" id=\"form-field-ga\" class=\"elementor-field elementor-size-sm  elementor-field-textual\">\n\t\t\t\t\t\t\t\t\t\t\t<\/div>\n\t\t\t\t\t\t\t\t<div class=\"elementor-field-type-hidden elementor-field-group elementor-column elementor-field-group-techinfo elementor-col-100\">\n\t\t\t\t\t\t\t\t\t\t\t\t\t<input size=\"1\" type=\"hidden\" name=\"form_fields[techinfo]\" id=\"form-field-techinfo\" class=\"elementor-field elementor-size-sm  elementor-field-textual\">\n\t\t\t\t\t\t\t\t\t\t\t<\/div>\n\t\t\t\t\t\t\t\t<div class=\"elementor-field-group elementor-column elementor-field-type-submit elementor-col-100 e-form__buttons\">\n\t\t\t\t\t<button class=\"elementor-button elementor-size-sm\" type=\"submit\">\n\t\t\t\t\t\t<span class=\"elementor-button-content-wrapper\">\n\t\t\t\t\t\t\t\t\t\t\t\t\t\t\t\t\t\t\t\t\t\t<span class=\"elementor-button-text\">Reg\u00edstrate ahora<\/span>\n\t\t\t\t\t\t\t\t\t\t\t\t\t<\/span>\n\t\t\t\t\t<\/button>\n\t\t\t\t<\/div>\n\t\t\t<\/div>\n\t\t<\/form>\n\t\t\t\t\t\t<\/div>\n\t\t\t\t<\/div>\n\t\t\t\t<div class=\"elementor-element elementor-element-4c5c98fb elementor-widget elementor-widget-html\" data-id=\"4c5c98fb\" data-element_type=\"widget\" data-widget_type=\"html.default\">\n\t\t\t\t<div class=\"elementor-widget-container\">\n\t\t\t\t\t<span class='submit-limit-text fmi-wrap'>\n    Ya est\u00e1s registrado. Espere una llamada o intente registrarse nuevamente en 1 hora.\n    \n<\/span>\t\t\t\t<\/div>\n\t\t\t\t<\/div>\n\t\t\t\t\t<\/div>\n\t\t<\/div>\n\t\t\t\t\t<\/div>\n\t\t<\/section>\n\t\t\t\t\t<\/div>\n\t\t<\/div>\n\t\t\t\t\t<\/div>\n\t\t<\/section>\n\t\t\t\t<\/div>\n\t\t","protected":false},"excerpt":{"rendered":"<p>\u00a1Gracias! ahora podemos enviarle consejos y actualizaciones personalizados. \u00a1Estar\u00e1n en ingl\u00e9s y la versi\u00f3n en espa\u00f1ol llegar\u00e1 pronto! \u00a1Suscr\u00edbete para recibir los mejores consejos de nuestros expertos! Ya est\u00e1s registrado. Espere una llamada o intente registrarse nuevamente en 1 hora.<\/p>\n","protected":false},"author":2,"featured_media":0,"parent":0,"menu_order":0,"comment_status":"closed","ping_status":"closed","template":"elementor_canvas","meta":{"footnotes":""},"class_list":["post-2471","page","type-page","status-publish","hentry"],"yoast_head":"<!-- This site is optimized with the Yoast SEO plugin v26.8 - https:\/\/yoast.com\/product\/yoast-seo-wordpress\/ -->\n<title>\u00a1Reg\u00edstrese para comenzar su proceso hoy! - ImmigrantCIS - Espa\u00f1ol<\/title>\n<meta name=\"robots\" content=\"index, follow, max-snippet:-1, max-image-preview:large, max-video-preview:-1\" \/>\n<link rel=\"canonical\" href=\"https:\/\/www.immigrantcis.com\/es\/boletin-suscripcion\/\" \/>\n<meta property=\"og:locale\" content=\"en_US\" \/>\n<meta property=\"og:type\" content=\"article\" \/>\n<meta property=\"og:title\" content=\"\u00a1Reg\u00edstrese para comenzar su proceso hoy! - ImmigrantCIS - Espa\u00f1ol\" \/>\n<meta property=\"og:description\" content=\"\u00a1Gracias! ahora podemos enviarle consejos y actualizaciones personalizados. \u00a1Estar\u00e1n en ingl\u00e9s y la versi\u00f3n en espa\u00f1ol llegar\u00e1 pronto! \u00a1Suscr\u00edbete para recibir los mejores consejos de nuestros expertos! Ya est\u00e1s registrado. Espere una llamada o intente registrarse nuevamente en 1 hora.\" \/>\n<meta property=\"og:url\" content=\"https:\/\/www.immigrantcis.com\/es\/boletin-suscripcion\/\" \/>\n<meta property=\"og:site_name\" content=\"ImmigrantCIS - Espa\u00f1ol\" \/>\n<meta property=\"article:modified_time\" content=\"2023-04-23T12:11:04+00:00\" \/>\n<meta property=\"og:image\" content=\"https:\/\/www.immigrantcis.com\/app\/uploads\/sites\/2\/2022\/09\/cropped-Immigrant-CIS-e1619347652596.png\" \/>\n<meta name=\"twitter:card\" content=\"summary_large_image\" \/>\n<script type=\"application\/ld+json\" class=\"yoast-schema-graph\">{\"@context\":\"https:\/\/schema.org\",\"@graph\":[{\"@type\":\"WebPage\",\"@id\":\"https:\/\/www.immigrantcis.com\/es\/boletin-suscripcion\/\",\"url\":\"https:\/\/www.immigrantcis.com\/es\/boletin-suscripcion\/\",\"name\":\"\u00a1Reg\u00edstrese para comenzar su proceso hoy! - ImmigrantCIS - Espa\u00f1ol\",\"isPartOf\":{\"@id\":\"https:\/\/www.immigrantcis.com\/es\/#website\"},\"primaryImageOfPage\":{\"@id\":\"https:\/\/www.immigrantcis.com\/es\/boletin-suscripcion\/#primaryimage\"},\"image\":{\"@id\":\"https:\/\/www.immigrantcis.com\/es\/boletin-suscripcion\/#primaryimage\"},\"thumbnailUrl\":\"https:\/\/www.immigrantcis.com\/app\/uploads\/sites\/2\/2022\/09\/cropped-Immigrant-CIS-e1619347652596.png\",\"datePublished\":\"2023-03-21T10:04:11+00:00\",\"dateModified\":\"2023-04-23T12:11:04+00:00\",\"breadcrumb\":{\"@id\":\"https:\/\/www.immigrantcis.com\/es\/boletin-suscripcion\/#breadcrumb\"},\"inLanguage\":\"en-US\",\"potentialAction\":[{\"@type\":\"ReadAction\",\"target\":[\"https:\/\/www.immigrantcis.com\/es\/boletin-suscripcion\/\"]}]},{\"@type\":\"ImageObject\",\"inLanguage\":\"en-US\",\"@id\":\"https:\/\/www.immigrantcis.com\/es\/boletin-suscripcion\/#primaryimage\",\"url\":\"https:\/\/www.immigrantcis.com\/app\/uploads\/sites\/2\/2022\/09\/cropped-Immigrant-CIS-e1619347652596.png\",\"contentUrl\":\"https:\/\/www.immigrantcis.com\/app\/uploads\/sites\/2\/2022\/09\/cropped-Immigrant-CIS-e1619347652596.png\"},{\"@type\":\"BreadcrumbList\",\"@id\":\"https:\/\/www.immigrantcis.com\/es\/boletin-suscripcion\/#breadcrumb\",\"itemListElement\":[{\"@type\":\"ListItem\",\"position\":1,\"name\":\"Home\",\"item\":\"https:\/\/www.immigrantcis.com\/es\/\"},{\"@type\":\"ListItem\",\"position\":2,\"name\":\"\u00a1Reg\u00edstrese para comenzar su proceso hoy!\"}]},{\"@type\":\"WebSite\",\"@id\":\"https:\/\/www.immigrantcis.com\/es\/#website\",\"url\":\"https:\/\/www.immigrantcis.com\/es\/\",\"name\":\"ImmigrantCIS - Espa\u00f1ol\",\"description\":\"Successful Immigrants Choose Immigrant CIS!\",\"publisher\":{\"@id\":\"https:\/\/www.immigrantcis.com\/es\/#organization\"},\"potentialAction\":[{\"@type\":\"SearchAction\",\"target\":{\"@type\":\"EntryPoint\",\"urlTemplate\":\"https:\/\/www.immigrantcis.com\/es\/?s={search_term_string}\"},\"query-input\":{\"@type\":\"PropertyValueSpecification\",\"valueRequired\":true,\"valueName\":\"search_term_string\"}}],\"inLanguage\":\"en-US\"},{\"@type\":\"Organization\",\"@id\":\"https:\/\/www.immigrantcis.com\/es\/#organization\",\"name\":\"ImmigrantCIS - Espa\u00f1ol\",\"url\":\"https:\/\/www.immigrantcis.com\/es\/\",\"logo\":{\"@type\":\"ImageObject\",\"inLanguage\":\"en-US\",\"@id\":\"https:\/\/www.immigrantcis.com\/es\/#\/schema\/logo\/image\/\",\"url\":\"https:\/\/www.immigrantcis.com\/app\/uploads\/sites\/2\/2020\/11\/cropped-Immigrant-CIS-e1619347652596.png\",\"contentUrl\":\"https:\/\/www.immigrantcis.com\/app\/uploads\/sites\/2\/2020\/11\/cropped-Immigrant-CIS-e1619347652596.png\",\"width\":465,\"height\":71,\"caption\":\"ImmigrantCIS - Espa\u00f1ol\"},\"image\":{\"@id\":\"https:\/\/www.immigrantcis.com\/es\/#\/schema\/logo\/image\/\"}}]}<\/script>\n<!-- \/ Yoast SEO plugin. -->","yoast_head_json":{"title":"\u00a1Reg\u00edstrese para comenzar su proceso hoy! - ImmigrantCIS - Espa\u00f1ol","robots":{"index":"index","follow":"follow","max-snippet":"max-snippet:-1","max-image-preview":"max-image-preview:large","max-video-preview":"max-video-preview:-1"},"canonical":"https:\/\/www.immigrantcis.com\/es\/boletin-suscripcion\/","og_locale":"en_US","og_type":"article","og_title":"\u00a1Reg\u00edstrese para comenzar su proceso hoy! - ImmigrantCIS - Espa\u00f1ol","og_description":"\u00a1Gracias! ahora podemos enviarle consejos y actualizaciones personalizados. \u00a1Estar\u00e1n en ingl\u00e9s y la versi\u00f3n en espa\u00f1ol llegar\u00e1 pronto! \u00a1Suscr\u00edbete para recibir los mejores consejos de nuestros expertos! Ya est\u00e1s registrado. Espere una llamada o intente registrarse nuevamente en 1 hora.","og_url":"https:\/\/www.immigrantcis.com\/es\/boletin-suscripcion\/","og_site_name":"ImmigrantCIS - Espa\u00f1ol","article_modified_time":"2023-04-23T12:11:04+00:00","og_image":[{"url":"https:\/\/www.immigrantcis.com\/app\/uploads\/sites\/2\/2022\/09\/cropped-Immigrant-CIS-e1619347652596.png","type":"","width":"","height":""}],"twitter_card":"summary_large_image","schema":{"@context":"https:\/\/schema.org","@graph":[{"@type":"WebPage","@id":"https:\/\/www.immigrantcis.com\/es\/boletin-suscripcion\/","url":"https:\/\/www.immigrantcis.com\/es\/boletin-suscripcion\/","name":"\u00a1Reg\u00edstrese para comenzar su proceso hoy! - ImmigrantCIS - Espa\u00f1ol","isPartOf":{"@id":"https:\/\/www.immigrantcis.com\/es\/#website"},"primaryImageOfPage":{"@id":"https:\/\/www.immigrantcis.com\/es\/boletin-suscripcion\/#primaryimage"},"image":{"@id":"https:\/\/www.immigrantcis.com\/es\/boletin-suscripcion\/#primaryimage"},"thumbnailUrl":"https:\/\/www.immigrantcis.com\/app\/uploads\/sites\/2\/2022\/09\/cropped-Immigrant-CIS-e1619347652596.png","datePublished":"2023-03-21T10:04:11+00:00","dateModified":"2023-04-23T12:11:04+00:00","breadcrumb":{"@id":"https:\/\/www.immigrantcis.com\/es\/boletin-suscripcion\/#breadcrumb"},"inLanguage":"en-US","potentialAction":[{"@type":"ReadAction","target":["https:\/\/www.immigrantcis.com\/es\/boletin-suscripcion\/"]}]},{"@type":"ImageObject","inLanguage":"en-US","@id":"https:\/\/www.immigrantcis.com\/es\/boletin-suscripcion\/#primaryimage","url":"https:\/\/www.immigrantcis.com\/app\/uploads\/sites\/2\/2022\/09\/cropped-Immigrant-CIS-e1619347652596.png","contentUrl":"https:\/\/www.immigrantcis.com\/app\/uploads\/sites\/2\/2022\/09\/cropped-Immigrant-CIS-e1619347652596.png"},{"@type":"BreadcrumbList","@id":"https:\/\/www.immigrantcis.com\/es\/boletin-suscripcion\/#breadcrumb","itemListElement":[{"@type":"ListItem","position":1,"name":"Home","item":"https:\/\/www.immigrantcis.com\/es\/"},{"@type":"ListItem","position":2,"name":"\u00a1Reg\u00edstrese para comenzar su proceso hoy!"}]},{"@type":"WebSite","@id":"https:\/\/www.immigrantcis.com\/es\/#website","url":"https:\/\/www.immigrantcis.com\/es\/","name":"ImmigrantCIS - Espa\u00f1ol","description":"Successful Immigrants Choose Immigrant CIS!","publisher":{"@id":"https:\/\/www.immigrantcis.com\/es\/#organization"},"potentialAction":[{"@type":"SearchAction","target":{"@type":"EntryPoint","urlTemplate":"https:\/\/www.immigrantcis.com\/es\/?s={search_term_string}"},"query-input":{"@type":"PropertyValueSpecification","valueRequired":true,"valueName":"search_term_string"}}],"inLanguage":"en-US"},{"@type":"Organization","@id":"https:\/\/www.immigrantcis.com\/es\/#organization","name":"ImmigrantCIS - Espa\u00f1ol","url":"https:\/\/www.immigrantcis.com\/es\/","logo":{"@type":"ImageObject","inLanguage":"en-US","@id":"https:\/\/www.immigrantcis.com\/es\/#\/schema\/logo\/image\/","url":"https:\/\/www.immigrantcis.com\/app\/uploads\/sites\/2\/2020\/11\/cropped-Immigrant-CIS-e1619347652596.png","contentUrl":"https:\/\/www.immigrantcis.com\/app\/uploads\/sites\/2\/2020\/11\/cropped-Immigrant-CIS-e1619347652596.png","width":465,"height":71,"caption":"ImmigrantCIS - Espa\u00f1ol"},"image":{"@id":"https:\/\/www.immigrantcis.com\/es\/#\/schema\/logo\/image\/"}}]}},"_links":{"self":[{"href":"https:\/\/www.immigrantcis.com\/es\/wp-json\/wp\/v2\/pages\/2471","targetHints":{"allow":["GET"]}}],"collection":[{"href":"https:\/\/www.immigrantcis.com\/es\/wp-json\/wp\/v2\/pages"}],"about":[{"href":"https:\/\/www.immigrantcis.com\/es\/wp-json\/wp\/v2\/types\/page"}],"author":[{"embeddable":true,"href":"https:\/\/www.immigrantcis.com\/es\/wp-json\/wp\/v2\/users\/2"}],"replies":[{"embeddable":true,"href":"https:\/\/www.immigrantcis.com\/es\/wp-json\/wp\/v2\/comments?post=2471"}],"version-history":[{"count":3,"href":"https:\/\/www.immigrantcis.com\/es\/wp-json\/wp\/v2\/pages\/2471\/revisions"}],"predecessor-version":[{"id":2572,"href":"https:\/\/www.immigrantcis.com\/es\/wp-json\/wp\/v2\/pages\/2471\/revisions\/2572"}],"wp:attachment":[{"href":"https:\/\/www.immigrantcis.com\/es\/wp-json\/wp\/v2\/media?parent=2471"}],"curies":[{"name":"wp","href":"https:\/\/api.w.org\/{rel}","templated":true}]}}